{"id":367,"date":"2024-09-23T07:59:27","date_gmt":"2024-09-23T05:59:27","guid":{"rendered":"https:\/\/inkedbylelli.com\/?page_id=367"},"modified":"2025-12-01T23:49:37","modified_gmt":"2025-12-01T22:49:37","slug":"tattoostudio-berlin-2","status":"publish","type":"page","link":"https:\/\/inkedbylelli.com\/en\/tattoostudio-berlin-2\/","title":{"rendered":"Tattoostudio Berlin Blog"},"content":{"rendered":"<p>[et_pb_section fb_built=&#8220;1&#8243; admin_label=&#8220;Header&#8220; _builder_version=&#8220;4.23&#8243; _module_preset=&#8220;default&#8220; background_color=&#8220;gcid-c58d0f49-4478-4f0e-adea-65f847e9aac0&#8243; custom_padding=&#8220;0px||||false|false&#8220; locked=&#8220;off&#8220; collapsed=&#8220;on&#8220; global_colors_info=&#8220;{%22gcid-c58d0f49-4478-4f0e-adea-65f847e9aac0%22:%91%22background_color%22%93}&#8220;][et_pb_row _builder_version=&#8220;4.23&#8243; _module_preset=&#8220;default&#8220; max_width=&#8220;none&#8220; animation_style=&#8220;fade&#8220; global_colors_info=&#8220;{}&#8220;][et_pb_column type=&#8220;4_4&#8243; _builder_version=&#8220;4.19.1&#8243; _module_preset=&#8220;default&#8220; global_colors_info=&#8220;{}&#8220;][et_pb_image src=&#8220;https:\/\/inkedbylelli.com\/wp-content\/uploads\/2024\/08\/tattoo-shop-1.png&#8220; title_text=&#8220;tattoo-shop-1&#8243; _builder_version=&#8220;4.19.2&#8243; _module_preset=&#8220;default&#8220; max_width=&#8220;42px&#8220; global_colors_info=&#8220;{}&#8220;][\/et_pb_image][et_pb_text _builder_version=&#8220;4.27.4&#8243; _module_preset=&#8220;b99d2146-a00a-4f6d-8fe4-03b3b8b0c88f&#8220; header_font=&#8220;ABeeZee||||||||&#8220; header_font_size=&#8220;10vw&#8220; text_orientation=&#8220;center&#8220; animation_style=&#8220;fade&#8220; global_colors_info=&#8220;{}&#8220;]<\/p>\n<h1><span style=\"color: #Preisliste 1;\">About us<br \/><\/span><\/h1>\n<p>[\/et_pb_text][et_pb_divider color=&#8220;gcid-6f6a8773-a8ec-4359-8e89-23c106a6429d&#8220; divider_position=&#8220;center&#8220; divider_weight=&#8220;2px&#8220; _builder_version=&#8220;4.19.1&#8243; _module_preset=&#8220;default&#8220; max_width=&#8220;24px&#8220; module_alignment=&#8220;center&#8220; global_colors_info=&#8220;{%22gcid-6f6a8773-a8ec-4359-8e89-23c106a6429d%22:%91%22color%22%93}&#8220;][\/et_pb_divider][et_pb_image src=&#8220;https:\/\/inkedbylelli.com\/wp-content\/uploads\/2024\/08\/tattoo-shop-1.png&#8220; title_text=&#8220;tattoo-shop-1&#8243; align=&#8220;right&#8220; _builder_version=&#8220;4.19.2&#8243; _module_preset=&#8220;default&#8220; max_width=&#8220;42px&#8220; global_colors_info=&#8220;{}&#8220;][\/et_pb_image][\/et_pb_column][\/et_pb_row][\/et_pb_section][et_pb_section fb_built=&#8220;1&#8243; _builder_version=&#8220;4.23&#8243; _module_preset=&#8220;default&#8220; background_color=&#8220;#0d0d0d&#8220; box_shadow_style=&#8220;preset1&#8243; global_colors_info=&#8220;{}&#8220;][et_pb_row _builder_version=&#8220;4.27.4&#8243; _module_preset=&#8220;default&#8220; global_colors_info=&#8220;{}&#8220;][et_pb_column type=&#8220;4_4&#8243; _builder_version=&#8220;4.23&#8243; _module_preset=&#8220;default&#8220; global_colors_info=&#8220;{}&#8220;][et_pb_blog fullwidth=&#8220;off&#8220; posts_number=&#8220;20&#8243; excerpt_length=&#8220;10&#8243; show_more=&#8220;on&#8220; show_author=&#8220;off&#8220; show_date=&#8220;off&#8220; show_categories=&#8220;off&#8220; _builder_version=&#8220;4.27.4&#8243; _module_preset=&#8220;default&#8220; background_color=&#8220;RGBA(255,255,255,0)&#8220; hover_enabled=&#8220;0&#8243; global_colors_info=&#8220;{}&#8220; sticky_enabled=&#8220;0&#8243; child_filter_saturate=&#8220;0%&#8220;][\/et_pb_blog][\/et_pb_column][\/et_pb_row][\/et_pb_section][et_pb_section fb_built=&#8220;1&#8243; admin_label=&#8220;Footer&#8220; _builder_version=&#8220;4.27.4&#8243; _module_preset=&#8220;default&#8220; background_color=&#8220;gcid-c58d0f49-4478-4f0e-adea-65f847e9aac0&#8243; border_width_all=&#8220;1px&#8220; border_color_all=&#8220;#c6b19f&#8220; saved_tabs=&#8220;all&#8220; collapsed=&#8220;on&#8220; global_colors_info=&#8220;{%22gcid-c58d0f49-4478-4f0e-adea-65f847e9aac0%22:%91%22background_color%22%93}&#8220;][et_pb_row _builder_version=&#8220;4.19.1&#8243; _module_preset=&#8220;default&#8220; positioning=&#8220;absolute&#8220; position_origin_a=&#8220;top_center&#8220; custom_padding=&#8220;0px||0px||true|false&#8220; global_colors_info=&#8220;{}&#8220;][et_pb_column type=&#8220;4_4&#8243; _builder_version=&#8220;4.19.1&#8243; _module_preset=&#8220;default&#8220; global_colors_info=&#8220;{}&#8220;][et_pb_image src=&#8220;https:\/\/inkedbylelli.com\/wp-content\/uploads\/2024\/08\/Tattoostudio-Berlin-inkedbylelli-Charlottenburg-Berlin.png&#8220; title_text=&#8220;temp3&#8243; _builder_version=&#8220;4.19.2&#8243; _module_preset=&#8220;default&#8220; transform_translate=&#8220;0px|-50%&#8220; transform_translate_linked=&#8220;off&#8220; width=&#8220;100%&#8220; max_width=&#8220;150px&#8220; module_alignment=&#8220;center&#8220; global_colors_info=&#8220;{}&#8220;][\/et_pb_image][\/et_pb_column][\/et_pb_row][et_pb_row _builder_version=&#8220;4.19.1&#8243; _module_preset=&#8220;default&#8220; global_colors_info=&#8220;{}&#8220;][et_pb_column type=&#8220;4_4&#8243; _builder_version=&#8220;4.19.1&#8243; _module_preset=&#8220;default&#8220; global_colors_info=&#8220;{}&#8220;][et_pb_text _builder_version=&#8220;4.27.4&#8243; _module_preset=&#8220;8674027d-7631-41d7-b11e-521e4ab73f2d&#8220; text_text_color=&#8220;rgba(255,255,255,0.7)&#8220; text_orientation=&#8220;center&#8220; max_width=&#8220;520px&#8220; module_alignment=&#8220;center&#8220; global_colors_info=&#8220;{}&#8220;]<\/p>\n<p><strong><span style=\"color: #ffffff;\">Berlin wears art - wear it on your skin!<br \/><\/span><\/strong><\/p>\n<p><strong><span style=\"color: #ffffff;\">Contact me for your non-binding appointment.<\/span><\/strong><\/p>\n<p><strong><span style=\"color: #ffffff;\">+49176 62553093 <\/span><span style=\"color: #ffffff;\"><\/span><\/strong><\/p>\n<p><strong><span style=\"color: #ffffff;\">Inh. Lejla Mesic<\/span><\/strong><\/p>\n<p><strong><span style=\"color: #ffffff;\">Blissestra\u00dfe 20A, 10713 Berlin<\/span><\/strong><\/p>\n<p>[\/et_pb_text][\/et_pb_column][\/et_pb_row][et_pb_row module_id=&#8220;Kontakt&#8220; _builder_version=&#8220;4.23&#8243; _module_preset=&#8220;default&#8220; border_color_all=&#8220;#666666&#8243; border_width_top=&#8220;1px&#8220; global_colors_info=&#8220;{}&#8220;][et_pb_column type=&#8220;4_4&#8243; _builder_version=&#8220;4.19.1&#8243; _module_preset=&#8220;default&#8220; global_colors_info=&#8220;{}&#8220;][et_pb_contact_form email=&#8220;info@inkedbylelli.com&#8220; custom_message=&#8220;%%Datenschutz%%||et_pb_line_break_holder||||et_pb_line_break_holder||%%Name%%||et_pb_line_break_holder||%%Email%%||et_pb_line_break_holder||%%Terminvorschlag%%||et_pb_line_break_holder||%%Message%%&#8220; success_message=&#8220;Danke! Ich melde mich bei dir&#8220; submit_button_text=&#8220;Termin anfragen&#8220; _builder_version=&#8220;4.27.4&#8243; _module_preset=&#8220;default&#8220; _unique_id=&#8220;e2968e68-58b4-4196-830e-e24d47ad9151&#8243; title_text_color=&#8220;#FFFFFF&#8220; captcha_text_color=&#8220;#FFFFFF&#8220; custom_button=&#8220;on&#8220; button_text_color=&#8220;#c6b19f&#8220; button_bg_color=&#8220;#FFFFFF&#8220; button_border_color=&#8220;#FFFFFF&#8220; button_border_radius=&#8220;24px&#8220; global_colors_info=&#8220;{}&#8220;][et_pb_contact_field field_id=&#8220;Name&#8220; field_title=&#8220;Name&#8220; _builder_version=&#8220;4.16&#8243; global_colors_info=&#8220;{}&#8220; button_text_size__hover_enabled=&#8220;off&#8220; button_one_text_size__hover_enabled=&#8220;off&#8220; button_two_text_size__hover_enabled=&#8220;off&#8220; button_text_color__hover_enabled=&#8220;off&#8220; button_one_text_color__hover_enabled=&#8220;off&#8220; button_two_text_color__hover_enabled=&#8220;off&#8220; button_border_width__hover_enabled=&#8220;off&#8220; button_one_border_width__hover_enabled=&#8220;off&#8220; button_two_border_width__hover_enabled=&#8220;off&#8220; button_border_color__hover_enabled=&#8220;off&#8220; button_one_border_color__hover_enabled=&#8220;off&#8220; button_two_border_color__hover_enabled=&#8220;off&#8220; button_border_radius__hover_enabled=&#8220;off&#8220; button_one_border_radius__hover_enabled=&#8220;off&#8220; button_two_border_radius__hover_enabled=&#8220;off&#8220; button_letter_spacing__hover_enabled=&#8220;off&#8220; button_one_letter_spacing__hover_enabled=&#8220;off&#8220; button_two_letter_spacing__hover_enabled=&#8220;off&#8220; button_bg_color__hover_enabled=&#8220;off&#8220; button_one_bg_color__hover_enabled=&#8220;off&#8220; button_two_bg_color__hover_enabled=&#8220;off&#8220;][\/et_pb_contact_field][et_pb_contact_field field_id=&#8220;Email&#8220; field_title=&#8220;E-Mail-Adresse&#8220; field_type=&#8220;email&#8220; _builder_version=&#8220;4.16&#8243; global_colors_info=&#8220;{}&#8220; button_text_size__hover_enabled=&#8220;off&#8220; button_one_text_size__hover_enabled=&#8220;off&#8220; button_two_text_size__hover_enabled=&#8220;off&#8220; button_text_color__hover_enabled=&#8220;off&#8220; button_one_text_color__hover_enabled=&#8220;off&#8220; button_two_text_color__hover_enabled=&#8220;off&#8220; button_border_width__hover_enabled=&#8220;off&#8220; button_one_border_width__hover_enabled=&#8220;off&#8220; button_two_border_width__hover_enabled=&#8220;off&#8220; button_border_color__hover_enabled=&#8220;off&#8220; button_one_border_color__hover_enabled=&#8220;off&#8220; button_two_border_color__hover_enabled=&#8220;off&#8220; button_border_radius__hover_enabled=&#8220;off&#8220; button_one_border_radius__hover_enabled=&#8220;off&#8220; button_two_border_radius__hover_enabled=&#8220;off&#8220; button_letter_spacing__hover_enabled=&#8220;off&#8220; button_one_letter_spacing__hover_enabled=&#8220;off&#8220; button_two_letter_spacing__hover_enabled=&#8220;off&#8220; button_bg_color__hover_enabled=&#8220;off&#8220; button_one_bg_color__hover_enabled=&#8220;off&#8220; button_two_bg_color__hover_enabled=&#8220;off&#8220;][\/et_pb_contact_field][et_pb_contact_field field_id=&#8220;Terminvorschlag&#8220; field_title=&#8220;Wann passt es dir am Besten?&#8220; field_type=&#8220;checkbox&#8220; checkbox_options=&#8220;%91{%22value%22:%22Vormittags%22,%22checked%22:0,%22dragID%22:-1},{%22value%22:%22Nachmittags%22,%22checked%22:0,%22dragID%22:0},{%22value%22:%22Abends%22,%22checked%22:0,%22dragID%22:1},{%22value%22:%22Heute%22,%22checked%22:0,%22dragID%22:2},{%22value%22:%22Innerhalb der n\u00e4chsten Tage%22,%22checked%22:0,%22dragID%22:3},{%22value%22:%22N\u00e4chste Woche %22,%22checked%22:0,%22dragID%22:4}%93&#8243; required_mark=&#8220;off&#8220; _builder_version=&#8220;4.23&#8243; _module_preset=&#8220;default&#8220; form_field_text_color=&#8220;#FFFFFF&#8220; form_field_focus_background_color=&#8220;#FFFFFF&#8220; global_colors_info=&#8220;{}&#8220;][\/et_pb_contact_field][et_pb_contact_field field_id=&#8220;Message&#8220; field_title=&#8220;Erz\u00e4hl mir \u00fcber dein Tattoo und wann du Zeit hast..&#8220; field_type=&#8220;text&#8220; _builder_version=&#8220;4.23&#8243; global_colors_info=&#8220;{}&#8220; button_text_size__hover_enabled=&#8220;off&#8220; button_one_text_size__hover_enabled=&#8220;off&#8220; button_two_text_size__hover_enabled=&#8220;off&#8220; button_text_color__hover_enabled=&#8220;off&#8220; button_one_text_color__hover_enabled=&#8220;off&#8220; button_two_text_color__hover_enabled=&#8220;off&#8220; button_border_width__hover_enabled=&#8220;off&#8220; button_one_border_width__hover_enabled=&#8220;off&#8220; button_two_border_width__hover_enabled=&#8220;off&#8220; button_border_color__hover_enabled=&#8220;off&#8220; button_one_border_color__hover_enabled=&#8220;off&#8220; button_two_border_color__hover_enabled=&#8220;off&#8220; button_border_radius__hover_enabled=&#8220;off&#8220; button_one_border_radius__hover_enabled=&#8220;off&#8220; button_two_border_radius__hover_enabled=&#8220;off&#8220; button_letter_spacing__hover_enabled=&#8220;off&#8220; button_one_letter_spacing__hover_enabled=&#8220;off&#8220; button_two_letter_spacing__hover_enabled=&#8220;off&#8220; button_bg_color__hover_enabled=&#8220;off&#8220; button_one_bg_color__hover_enabled=&#8220;off&#8220; button_two_bg_color__hover_enabled=&#8220;off&#8220;][\/et_pb_contact_field][\/et_pb_contact_form][\/et_pb_column][\/et_pb_row][\/et_pb_section]<\/p>","protected":false},"excerpt":{"rendered":"<p>\u00dcber unsBerlin tr\u00e4gt Kunst &#8211; trag du sie auf deiner Haut! Kontaktiere mich ganz unverbindlich f\u00fcr deinen Termin. +49176 62553093 Inh. Lejla Mesic Blissestra\u00dfe 20A, 10713 Berlin<\/p>","protected":false},"author":1,"featured_media":0,"parent":0,"menu_order":0,"comment_status":"closed","ping_status":"closed","template":"","meta":{"_et_pb_use_builder":"on","_et_pb_old_content":"","_et_gb_content_width":"","footnotes":""},"class_list":["post-367","page","type-page","status-publish","hentry"],"yoast_head":"<!-- This site is optimized with the Yoast SEO plugin v24.7 - https:\/\/yoast.com\/wordpress\/plugins\/seo\/ -->\n<title>Tattoostudio Berlin Blog - inkedbylelli.com<\/title>\n<meta name=\"description\" content=\"inkedbylello Tattoostudio Berlin Charlottenburg. Lass dich von uns inspirieren! Ob mit oder ohne Termin. Komm jeder Zeit vorbei!\" \/>\n<meta name=\"robots\" content=\"index, follow, max-snippet:-1, max-image-preview:large, max-video-preview:-1\" \/>\n<link rel=\"canonical\" href=\"https:\/\/inkedbylelli.com\/en\/tattoostudio-berlin-2\/\" \/>\n<meta property=\"og:locale\" content=\"en_GB\" \/>\n<meta property=\"og:type\" content=\"article\" \/>\n<meta property=\"og:title\" content=\"Tattoostudio Berlin Blog - inkedbylelli.com\" \/>\n<meta property=\"og:description\" content=\"inkedbylello Tattoostudio Berlin Charlottenburg. Lass dich von uns inspirieren! Ob mit oder ohne Termin. Komm jeder Zeit vorbei!\" \/>\n<meta property=\"og:url\" content=\"https:\/\/inkedbylelli.com\/en\/tattoostudio-berlin-2\/\" \/>\n<meta property=\"og:site_name\" content=\"inkedbylelli.com\" \/>\n<meta property=\"article:modified_time\" content=\"2025-12-01T22:49:37+00:00\" \/>\n<meta name=\"twitter:card\" content=\"summary_large_image\" \/>\n<meta name=\"twitter:label1\" content=\"Estimated reading time\" \/>\n\t<meta name=\"twitter:data1\" content=\"2 minutes\" \/>\n<script type=\"application\/ld+json\" class=\"yoast-schema-graph\">{\"@context\":\"https:\/\/schema.org\",\"@graph\":[{\"@type\":\"WebPage\",\"@id\":\"https:\/\/inkedbylelli.com\/tattoostudio-berlin-2\/\",\"url\":\"https:\/\/inkedbylelli.com\/tattoostudio-berlin-2\/\",\"name\":\"Tattoostudio Berlin Blog - inkedbylelli.com\",\"isPartOf\":{\"@id\":\"https:\/\/inkedbylelli.com\/#website\"},\"datePublished\":\"2024-09-23T05:59:27+00:00\",\"dateModified\":\"2025-12-01T22:49:37+00:00\",\"description\":\"inkedbylello Tattoostudio Berlin Charlottenburg. Lass dich von uns inspirieren! Ob mit oder ohne Termin. Komm jeder Zeit vorbei!\",\"breadcrumb\":{\"@id\":\"https:\/\/inkedbylelli.com\/tattoostudio-berlin-2\/#breadcrumb\"},\"inLanguage\":\"en-GB\",\"potentialAction\":[{\"@type\":\"ReadAction\",\"target\":[\"https:\/\/inkedbylelli.com\/tattoostudio-berlin-2\/\"]}]},{\"@type\":\"BreadcrumbList\",\"@id\":\"https:\/\/inkedbylelli.com\/tattoostudio-berlin-2\/#breadcrumb\",\"itemListElement\":[{\"@type\":\"ListItem\",\"position\":1,\"name\":\"Startseite\",\"item\":\"https:\/\/inkedbylelli.com\/\"},{\"@type\":\"ListItem\",\"position\":2,\"name\":\"Tattoostudio Berlin Blog\"}]},{\"@type\":\"WebSite\",\"@id\":\"https:\/\/inkedbylelli.com\/#website\",\"url\":\"https:\/\/inkedbylelli.com\/\",\"name\":\"inkedbylelli.com\",\"description\":\"Dein Tattoostudio in Berlin\",\"potentialAction\":[{\"@type\":\"SearchAction\",\"target\":{\"@type\":\"EntryPoint\",\"urlTemplate\":\"https:\/\/inkedbylelli.com\/?s={search_term_string}\"},\"query-input\":{\"@type\":\"PropertyValueSpecification\",\"valueRequired\":true,\"valueName\":\"search_term_string\"}}],\"inLanguage\":\"en-GB\"}]}<\/script>\n<!-- \/ Yoast SEO plugin. -->","yoast_head_json":{"title":"Tattoostudio Berlin Blog - inkedbylelli.com","description":"inkedbylello Tattoostudio Berlin Charlottenburg. Lass dich von uns inspirieren! Ob mit oder ohne Termin. Komm jeder Zeit vorbei!","robots":{"index":"index","follow":"follow","max-snippet":"max-snippet:-1","max-image-preview":"max-image-preview:large","max-video-preview":"max-video-preview:-1"},"canonical":"https:\/\/inkedbylelli.com\/en\/tattoostudio-berlin-2\/","og_locale":"en_GB","og_type":"article","og_title":"Tattoostudio Berlin Blog - inkedbylelli.com","og_description":"inkedbylello Tattoostudio Berlin Charlottenburg. Lass dich von uns inspirieren! Ob mit oder ohne Termin. Komm jeder Zeit vorbei!","og_url":"https:\/\/inkedbylelli.com\/en\/tattoostudio-berlin-2\/","og_site_name":"inkedbylelli.com","article_modified_time":"2025-12-01T22:49:37+00:00","twitter_card":"summary_large_image","twitter_misc":{"Estimated reading time":"2 minutes"},"schema":{"@context":"https:\/\/schema.org","@graph":[{"@type":"WebPage","@id":"https:\/\/inkedbylelli.com\/tattoostudio-berlin-2\/","url":"https:\/\/inkedbylelli.com\/tattoostudio-berlin-2\/","name":"Tattoostudio Berlin Blog - inkedbylelli.com","isPartOf":{"@id":"https:\/\/inkedbylelli.com\/#website"},"datePublished":"2024-09-23T05:59:27+00:00","dateModified":"2025-12-01T22:49:37+00:00","description":"inkedbylello Tattoostudio Berlin Charlottenburg. Lass dich von uns inspirieren! Ob mit oder ohne Termin. Komm jeder Zeit vorbei!","breadcrumb":{"@id":"https:\/\/inkedbylelli.com\/tattoostudio-berlin-2\/#breadcrumb"},"inLanguage":"en-GB","potentialAction":[{"@type":"ReadAction","target":["https:\/\/inkedbylelli.com\/tattoostudio-berlin-2\/"]}]},{"@type":"BreadcrumbList","@id":"https:\/\/inkedbylelli.com\/tattoostudio-berlin-2\/#breadcrumb","itemListElement":[{"@type":"ListItem","position":1,"name":"Startseite","item":"https:\/\/inkedbylelli.com\/"},{"@type":"ListItem","position":2,"name":"Tattoostudio Berlin Blog"}]},{"@type":"WebSite","@id":"https:\/\/inkedbylelli.com\/#website","url":"https:\/\/inkedbylelli.com\/","name":"inkedbylelli.com","description":"Dein Tattoostudio in Berlin","potentialAction":[{"@type":"SearchAction","target":{"@type":"EntryPoint","urlTemplate":"https:\/\/inkedbylelli.com\/?s={search_term_string}"},"query-input":{"@type":"PropertyValueSpecification","valueRequired":true,"valueName":"search_term_string"}}],"inLanguage":"en-GB"}]}},"_links":{"self":[{"href":"https:\/\/inkedbylelli.com\/en\/wp-json\/wp\/v2\/pages\/367","targetHints":{"allow":["GET"]}}],"collection":[{"href":"https:\/\/inkedbylelli.com\/en\/wp-json\/wp\/v2\/pages"}],"about":[{"href":"https:\/\/inkedbylelli.com\/en\/wp-json\/wp\/v2\/types\/page"}],"author":[{"embeddable":true,"href":"https:\/\/inkedbylelli.com\/en\/wp-json\/wp\/v2\/users\/1"}],"replies":[{"embeddable":true,"href":"https:\/\/inkedbylelli.com\/en\/wp-json\/wp\/v2\/comments?post=367"}],"version-history":[{"count":10,"href":"https:\/\/inkedbylelli.com\/en\/wp-json\/wp\/v2\/pages\/367\/revisions"}],"predecessor-version":[{"id":580,"href":"https:\/\/inkedbylelli.com\/en\/wp-json\/wp\/v2\/pages\/367\/revisions\/580"}],"wp:attachment":[{"href":"https:\/\/inkedbylelli.com\/en\/wp-json\/wp\/v2\/media?parent=367"}],"curies":[{"name":"wp","href":"https:\/\/api.w.org\/{rel}","templated":true}]}}