{"id":3,"date":"2024-08-12T16:15:28","date_gmt":"2024-08-12T16:15:28","guid":{"rendered":"http:\/\/inkedbylelli.com\/?page_id=3"},"modified":"2025-12-01T23:40:32","modified_gmt":"2025-12-01T22:40:32","slug":"datenschutz","status":"publish","type":"page","link":"https:\/\/inkedbylelli.com\/en\/datenschutz\/","title":{"rendered":"Datenschutz"},"content":{"rendered":"<p>[et_pb_section fb_built=&#8220;1&#8243; admin_label=&#8220;Footer&#8220; _builder_version=&#8220;4.27.4&#8243; _module_preset=&#8220;default&#8220; background_color=&#8220;gcid-c58d0f49-4478-4f0e-adea-65f847e9aac0&#8243; animation_style=&#8220;slide&#8220; border_width_all=&#8220;1px&#8220; border_color_all=&#8220;#c6b19f&#8220; saved_tabs=&#8220;all&#8220; collapsed=&#8220;on&#8220; global_colors_info=&#8220;{%22gcid-c58d0f49-4478-4f0e-adea-65f847e9aac0%22:%91%22background_color%22%93}&#8220;][et_pb_row _builder_version=&#8220;4.19.1&#8243; _module_preset=&#8220;default&#8220; positioning=&#8220;absolute&#8220; position_origin_a=&#8220;top_center&#8220; custom_padding=&#8220;0px||0px||true|false&#8220; global_colors_info=&#8220;{}&#8220;][et_pb_column type=&#8220;4_4&#8243; _builder_version=&#8220;4.19.1&#8243; _module_preset=&#8220;default&#8220; global_colors_info=&#8220;{}&#8220;][\/et_pb_column][\/et_pb_row][et_pb_row _builder_version=&#8220;4.19.1&#8243; _module_preset=&#8220;default&#8220; global_colors_info=&#8220;{}&#8220;][et_pb_column type=&#8220;4_4&#8243; _builder_version=&#8220;4.19.1&#8243; _module_preset=&#8220;default&#8220; global_colors_info=&#8220;{}&#8220;][et_pb_text _builder_version=&#8220;4.23&#8243; _module_preset=&#8220;6970c51e-06ec-4d4c-bb1d-43f8b5d93012&#8243; custom_margin=&#8220;||0px||false|false&#8220; locked=&#8220;off&#8220; global_colors_info=&#8220;{}&#8220;]<\/p>\n<h1 style=\"text-align: center;\"><span style=\"color: #ffffff;\">Datenschutz<\/span><\/h1>\n<p>[\/et_pb_text][\/et_pb_column][\/et_pb_row][et_pb_row module_id=&#8220;Kontakt&#8220; _builder_version=&#8220;4.23&#8243; _module_preset=&#8220;default&#8220; border_color_all=&#8220;#666666&#8243; border_width_top=&#8220;1px&#8220; global_colors_info=&#8220;{}&#8220;][et_pb_column type=&#8220;4_4&#8243; _builder_version=&#8220;4.19.1&#8243; _module_preset=&#8220;default&#8220; global_colors_info=&#8220;{}&#8220;][et_pb_text _builder_version=&#8220;4.23&#8243; _module_preset=&#8220;default&#8220; global_colors_info=&#8220;{}&#8220;]<\/p>\n<p><span style=\"color: #ffffff;\">**1. VERANTWORTUNG F\u00dcR DATENVERARBEITUNG NACH DSGVO**<\/span><br \/><span style=\"color: #ffffff;\">Die Verantwortung f\u00fcr den Datenschutz und die Verarbeitung personenbezogener Daten liegt bei Lejla Mesic, Betreiberin der Webseite inkedbylello Tattoostudio Berlin.<\/span><br \/><span style=\"color: #ffffff;\">Blissestra\u00dfe 20A, 10713 Berlin<\/span><br \/><span style=\"color: #ffffff;\">Kontakt: info(at)inkedbylelli.com<\/span><br \/><span style=\"color: #ffffff;\">Weitere Informationen sind im <a href=\"\/en\/inkedbylelli.com\/impressum\/\">Imprint<\/a> auf dieser Seite zu finden.<\/span><\/p>\n<p><span style=\"color: #ffffff;\">**2. ERHEBUNG UND SPEICHERUNG VON DATEN**<\/span><br \/><span style=\"color: #ffffff;\">a) Besuch der Webseite<\/span><br \/><span style=\"color: #ffffff;\">Beim Aufruf von www.inkedbylelli.com sendet Dein Browser automatisch Informationen an den Server der Webseite. Diese Daten werden tempor\u00e4r in einer Logdatei gespeichert und umfassen:<\/span><br \/><span style=\"color: #ffffff;\">&#8211; IP-Adresse Deines Ger\u00e4ts<\/span><br \/><span style=\"color: #ffffff;\">&#8211; Datum und Uhrzeit<\/span><br \/><span style=\"color: #ffffff;\">&#8211; Zeitdifferenz zur Greenwich Mean Time (GMT)<\/span><br \/><span style=\"color: #ffffff;\">&#8211; Die angeforderte Seite<\/span><br \/><span style=\"color: #ffffff;\">&#8211; Zugriffsstatus\/HTTP-Statuscode<\/span><br \/><span style=\"color: #ffffff;\">&#8211; Name und URL der abgerufenen Datei<\/span><br \/><span style=\"color: #ffffff;\">&#8211; Die Webseite, von der der Zugriff erfolgt (Referer-URL)<\/span><br \/><span style=\"color: #ffffff;\">&#8211; Verwendeter Browser sowie ggf. das Betriebssystem Deines Ger\u00e4ts und der Name Deines Internetanbieters<\/span><br \/><span style=\"color: #ffffff;\">&#8211; Sprache und Version der Browsersoftware.<\/span><\/p>\n<p><span style=\"color: #ffffff;\">Diese Daten sind notwendig f\u00fcr:<\/span><br \/><span style=\"color: #ffffff;\">&#8211; Den Aufbau einer Verbindung zu den Webseiten<\/span><br \/><span style=\"color: #ffffff;\">&#8211; Die Nutzung meiner Webseite<\/span><br \/><span style=\"color: #ffffff;\">&#8211; Die Auswertung der Systemsicherheit und -stabilit\u00e4t<\/span><br \/><span style=\"color: #ffffff;\">&#8211; Weitere administrative Zwecke.<\/span><\/p>\n<p><span style=\"color: #ffffff;\">Nach Art. 6 Abs. 1 DSGVO ist die Nutzung dieser Daten rechtm\u00e4\u00dfig. Es sind keine R\u00fcckschl\u00fcsse auf Deine Person m\u00f6glich.<\/span><\/p>\n<p><span style=\"color: #ffffff;\">b) Kontaktaufnahme \u00fcber das Kontaktformular<\/span><br \/><span style=\"color: #ffffff;\">F\u00fcr Anfragen kannst Du das Kontaktformular verwenden. Hierbei ist die Angabe einer g\u00fcltigen E-Mail-Adresse erforderlich, da ich sonst Deine Anfrage nicht beantworten kann. Zudem m\u00fcssen alle relevanten Daten, wie Telefonnummer, Vor- und Nachname sowie E-Mail-Adresse, gespeichert werden. Die Datenverarbeitung erfolgt gem\u00e4\u00df Art. 6 Abs. 1 S. DSGVO auf Basis Deiner freiwilligen Einwilligung.<\/span><br \/><span style=\"color: #ffffff;\">Beim Ausf\u00fcllen des Kontaktformulars speichert der Hosting-Anbieter Deine IP-Adresse tempor\u00e4r, um das Versenden Deiner E-Mail zu erm\u00f6glichen. Deine IP-Adresse ist f\u00fcr mich nicht einsehbar. Unverschl\u00fcsselte E-Mails bergen stets ein Risiko und k\u00f6nnen zu unerw\u00fcnschtem Datenverlust f\u00fchren.<\/span><\/p>\n<p><span style=\"color: #ffffff;\">**3. WEITERGABE VON DATEN AN DRITTE**<\/span><br \/><span style=\"color: #ffffff;\">In der Regel gebe ich keine Daten an Dritte weiter. Eine Weitergabe kann jedoch erforderlich werden, wenn:<\/span><br \/><span style=\"color: #ffffff;\">&#8211; Du dies gem\u00e4\u00df \u00a7 20 DSGVO w\u00fcnschst oder<\/span><br \/><span style=\"color: #ffffff;\">&#8211; die Weitergabe gem\u00e4\u00df Art. 6 Abs. 1 S. DSGVO zur Geltendmachung, Aus\u00fcbung oder Verteidigung von Rechtsanspr\u00fcchen erforderlich ist (z. B. im Falle eines Rechtsstreits) und kein \u00fcberwiegendes schutzw\u00fcrdiges Interesse Deinerseits an der Nichtweitergabe besteht.<\/span><\/p>\n<p><span style=\"color: #ffffff;\">**4. COOKIES**<\/span><br \/><span style=\"color: #ffffff;\">Ich setze Cookies ein, kleine Dateien, die Dein Browser erstellt und auf Deinem Ger\u00e4t speichert. Diese enthalten Informationen \u00fcber die Nutzung meiner Webseite, jedoch keine Identit\u00e4tsdaten. R\u00fcckschl\u00fcsse auf Deine Identit\u00e4t sind \u00fcber Cookies nicht m\u00f6glich. Cookies helfen mir, Statistiken \u00fcber die Nutzung meiner Seite zu erstellen und das Nutzererlebnis zu verbessern. Sie werden nach einer gewissen Zeit automatisch gel\u00f6scht.<\/span><br \/><span style=\"color: #ffffff;\">Die durch Cookies verarbeiteten Daten sind f\u00fcr die Wahrung meiner berechtigten Interessen gem\u00e4\u00df Art. 6 Abs. 1 S. DSGVO notwendig. Die meisten Browser akzeptieren Cookies automatisch. Eine vollst\u00e4ndige Deaktivierung kann dazu f\u00fchren, dass Du nicht alle Funktionen meiner Webseite nutzen kannst.<\/span><\/p>\n<p><span style=\"color: #ffffff;\"><span>Diese Website verwendet das Cookie-Consent-Tool Borlabs des Anbieters Herrn Benjamin A. Bornschein, Georg-Wilhelm-Str. 17, 21107 Hamburg (\u201eBorlabs\u201c), welches zwei technisch notwendige Cookies (\u201eborlabsCookie\u201c und \u201eborlabsCookieUnblockContent\u201c) setzt, um Ihre Cookie-Pr\u00e4ferenz zu speichern. Die vorgenannte Verarbeitung erfolgt gem\u00e4\u00df Art. 6 Abs. 1 lit. f DSGVO auf Grundlage unseres berechtigten Interesses an der Bereitstellung eines Cookie-Pr\u00e4ferenzmanagements f\u00fcr die Website-Besucher.<\/span><br \/><span>Das \u201eBorlabs Cookie\u201c verarbeitet keinerlei personenbezogenen Daten. Im Cookie \u201eborlabsCookie\u201c wird Ihre gew\u00e4hlte Pr\u00e4ferenz gespeichert, die Sie beim Betreten der Website ausgew\u00e4hlt haben. Das Cookie \u201eborlabsCookieUnblockContent\u201c speichert, welche (externen) Medien\/Inhalte Sie immer automatisch entsperrt haben m\u00f6chten. M\u00f6chten Sie diese Einstellungen widerrufen, l\u00f6schen Sie einfach die Cookies in Ihrem Browser. Wenn Sie die Website neu betreten\/neu laden, werden Sie erneut nach Ihrer Cookie-Pr\u00e4ferenz gefragt<\/span><\/span><span style=\"color: #ffffff;\"><\/span><\/p>\n<p><span style=\"color: #ffffff;\"><\/span><\/p>\n<p><span style=\"color: #ffffff;\">**5. ANALYSE-TOOLS**<\/span><br \/><span style=\"color: #ffffff;\">Tracking-Tools<\/span><br \/><span style=\"color: #ffffff;\">Die folgenden Tracking-Ma\u00dfnahmen dienen der Optimierung meiner Webseite und der Analyse des Nutzerverhaltens.<\/span><\/p>\n<p><span style=\"color: #ffffff;\">Cookies (siehe Punkt 4)<\/span><\/p>\n<p><span style=\"color: #ffffff;\">Google Analytics<\/span><br \/><span style=\"color: #ffffff;\">Zur Verbesserung meiner Webseite verwende ich Google Analytics, welches \u00e4hnlich wie die unter Punkt 4 beschriebenen Cookies funktioniert und zur Erstellung von Statistiken \u00fcber Dein Nutzerverhalten dient. In naher Zukunft werde ich ein Plugin installieren, mit dem Du einen Opt-Out-Cookie generieren kannst, um die Erfassung Deiner Daten durch Google Analytics zu verhindern.<\/span><br \/><span style=\"color: #ffffff;\">Deine Daten werden an einen Server in den USA gesendet und dort tempor\u00e4r gespeichert. Die IP-Adressen europ\u00e4ischer Nutzer werden anonymisiert, sodass keine R\u00fcckschl\u00fcsse auf Deine Identit\u00e4t m\u00f6glich sind. Google verwendet diese Daten f\u00fcr Marktanalysen und kann sie gegebenenfalls an Dritte weitergeben.<\/span><\/p>\n<p><span style=\"color: #ffffff;\">**6. SOCIAL MEDIA PLUG-INS UND EXTERNE LINKS**<\/span><br \/><span style=\"color: #ffffff;\">Auf meiner Webseite nutze ich ein Social Plug-in des Netzwerks Instagram gem\u00e4\u00df Art. 6 Abs. 1 S. DSGVO, um f\u00fcr mein Unternehmen zu werben. Das Plug-in zeigt eine Vorschau meines Instagram-Feeds, und durch Klicken darauf wirst Du zu Instagram weitergeleitet. Die Verantwortung f\u00fcr den Datenschutz liegt beim Anbieter des Plug-ins.<\/span><\/p>\n<p><span style=\"color: #ffffff;\">Ich verwende auch Plug-ins, die Dich direkt zu Instagram und Pinterest weiterleiten. Diese sind an den entsprechenden Logos erkennbar.<\/span><br \/><span style=\"color: #ffffff;\">Wenn Du auf das Logo klickst, wird eine direkte Verbindung zum jeweiligen sozialen Netzwerk hergestellt. Dadurch erhalten Instagram, Pinterest usw. die Information, dass Dein Browser meine Seite aufgerufen hat, auch wenn Du kein Profil bei diesen Netzwerken hast. Diese Information (einschlie\u00dflich Deiner IP-Adresse) wird direkt an einen Server des jeweiligen Netzwerks in den USA \u00fcbermittelt und dort gespeichert. Bist Du bei dem sozialen Netzwerk eingeloggt, kann der Besuch meiner Webseite Deinem Account zugeordnet werden.<\/span><br \/><span style=\"color: #ffffff;\">Weitere Informationen findest Du in den Datenschutzerkl\u00e4rungen der jeweiligen Netzwerke.<\/span><\/p>\n<p><span style=\"color: #ffffff;\">**7. RECHTE DER BETROFFENEN**<\/span><br \/><span style=\"color: #ffffff;\">Du hast das Recht:<\/span><br \/><span style=\"color: #ffffff;\">&#8211; gem\u00e4\u00df Art. 15 DSGVO Auskunft \u00fcber die von mir verarbeiteten personenbezogenen Daten zu verlangen.<\/span><br \/><span style=\"color: #ffffff;\">&#8211; gem\u00e4\u00df Art. 16 DSGVO unverz\u00fcglich die Berichtigung unrichtiger oder die Vervollst\u00e4ndigung Deiner bei mir gespeicherten personenbezogenen Daten zu verlangen.<\/span><br \/><span style=\"color: #ffffff;\">&#8211; gem\u00e4\u00df Art. 17 DSGVO die L\u00f6schung Deiner bei mir gespeicherten personenbezogenen Daten zu verlangen, soweit die Verarbeitung nicht zur Aus\u00fcbung des Rechts auf freie Meinungs\u00e4u\u00dferung und Information, zur Erf\u00fcllung einer rechtlichen Verpflichtung oder zur Verteidigung von Rechtsanspr\u00fcchen erforderlich ist.<\/span><br \/><span style=\"color: #ffffff;\">&#8211; gem\u00e4\u00df Art. 18 DSGVO die Einschr\u00e4nkung der Verarbeitung Deiner personenbezogenen Daten zu verlangen, wenn die Richtigkeit der Daten von Dir angezweifelt wird, die Verarbeitung unrechtm\u00e4\u00dfig ist, Du jedoch deren L\u00f6schung ablehnst und ich die Daten nicht mehr ben\u00f6tige, Du sie jedoch zur Geltendmachung, Aus\u00fcbung oder Verteidigung von Rechtsanspr\u00fcchen ben\u00f6tigst oder Du gem\u00e4\u00df Art. 21 DSGVO Widerspruch gegen die Verarbeitung eingelegt hast.<\/span><br \/><span style=\"color: #ffffff;\">&#8211; gem\u00e4\u00df Art. 20<\/span><\/p>\n<p><span style=\"color: #ffffff;\"><\/span><\/p>\n<p><span style=\"color: #ffffff;\">**8. Wiederspruchsrecht**<\/span><\/p>\n<section class=\"chatbox\" id=\"chat-history\">\n<div class=\"chat-message bot chat\"><span style=\"color: #ffffff;\">Wenn Deine personenbezogenen Daten auf der Grundlage berechtigter Interessen gem\u00e4\u00df Art. 6 Abs. 1 S. DSGVO verarbeitet werden, hast Du das Recht, gem\u00e4\u00df Art. 21 DSGVO Widerspruch gegen diese Verarbeitung einzulegen, wenn Gr\u00fcnde vorliegen, die sich aus Deiner besonderen Situation ergeben. M\u00f6chtest Du von Deinem Widerrufs- oder Widerspruchsrecht Gebrauch machen, sende einfach eine E-Mail an esther(at)zumbuntspecht.de.<\/span><\/div>\n<\/section>\n<p><span style=\"color: #ffffff;\"><\/span><\/p>\n<p>[\/et_pb_text][\/et_pb_column][\/et_pb_row][\/et_pb_section]<\/p>","protected":false},"excerpt":{"rendered":"<p>Datenschutz**1. VERANTWORTUNG F\u00dcR DATENVERARBEITUNG NACH DSGVO**Die Verantwortung f\u00fcr den Datenschutz und die Verarbeitung personenbezogener Daten liegt bei Lejla Mesic, Betreiberin der Webseite inkedbylello Tattoostudio Berlin.Blissestra\u00dfe 20A, 10713 BerlinKontakt: info(at)inkedbylelli.comWeitere Informationen sind im Impressum auf dieser Seite zu finden. **2. ERHEBUNG UND SPEICHERUNG VON DATEN**a) Besuch der WebseiteBeim Aufruf von www.inkedbylelli.com sendet Dein Browser automatisch Informationen [&hellip;]<\/p>","protected":false},"author":1,"featured_media":0,"parent":0,"menu_order":0,"comment_status":"closed","ping_status":"open","template":"","meta":{"_et_pb_use_builder":"on","_et_pb_old_content":"<!-- wp:heading -->\n<h2 class=\"wp-block-heading\">Who we are<\/h2>\n<!-- \/wp:heading -->\n<!-- wp:paragraph -->\n<p><strong class=\"privacy-policy-tutorial\">Suggested text: <\/strong>Our website address is: http:\/\/inkedbylelli.com.<\/p>\n<!-- \/wp:paragraph -->\n<!-- wp:heading -->\n<h2 class=\"wp-block-heading\">Comments<\/h2>\n<!-- \/wp:heading -->\n<!-- wp:paragraph -->\n<p><strong class=\"privacy-policy-tutorial\">Suggested text: <\/strong>When visitors leave comments on the site we collect the data shown in the comments form, and also the visitor&#8217;s IP address and browser user agent string to help spam detection.<\/p>\n<!-- \/wp:paragraph -->\n<!-- wp:paragraph -->\n<p>An anonymized string created from your email address (also called a hash) may be provided to the Gravatar service to see if you are using it. The Gravatar service privacy policy is available here: https:\/\/automattic.com\/privacy\/. After approval of your comment, your profile picture is visible to the public in the context of your comment.<\/p>\n<!-- \/wp:paragraph -->\n<!-- wp:heading -->\n<h2 class=\"wp-block-heading\">Media<\/h2>\n<!-- \/wp:heading -->\n<!-- wp:paragraph -->\n<p><strong class=\"privacy-policy-tutorial\">Suggested text: <\/strong>If you upload images to the website, you should avoid uploading images with embedded location data (EXIF GPS) included. Visitors to the website can download and extract any location data from images on the website.<\/p>\n<!-- \/wp:paragraph -->\n<!-- wp:heading -->\n<h2 class=\"wp-block-heading\">Cookies<\/h2>\n<!-- \/wp:heading -->\n<!-- wp:paragraph -->\n<p><strong class=\"privacy-policy-tutorial\">Suggested text: <\/strong>If you leave a comment on our site you may opt-in to saving your name, email address and website in cookies. These are for your convenience so that you do not have to fill in your details again when you leave another comment. These cookies will last for one year.<\/p>\n<!-- \/wp:paragraph -->\n<!-- wp:paragraph -->\n<p>If you visit our login page, we will set a temporary cookie to determine if your browser accepts cookies. This cookie contains no personal data and is discarded when you close your browser.<\/p>\n<!-- \/wp:paragraph -->\n<!-- wp:paragraph -->\n<p>When you log in, we will also set up several cookies to save your login information and your screen display choices. Login cookies last for two days, and screen options cookies last for a year. If you select &quot;Remember Me&quot;, your login will persist for two weeks. If you log out of your account, the login cookies will be removed.<\/p>\n<!-- \/wp:paragraph -->\n<!-- wp:paragraph -->\n<p>If you edit or publish an article, an additional cookie will be saved in your browser. This cookie includes no personal data and simply indicates the post ID of the article you just edited. It expires after 1 day.<\/p>\n<!-- \/wp:paragraph -->\n<!-- wp:heading -->\n<h2 class=\"wp-block-heading\">Embedded content from other websites<\/h2>\n<!-- \/wp:heading -->\n<!-- wp:paragraph -->\n<p><strong class=\"privacy-policy-tutorial\">Suggested text: <\/strong>Articles on this site may include embedded content (e.g. videos, images, articles, etc.). Embedded content from other websites behaves in the exact same way as if the visitor has visited the other website.<\/p>\n<!-- \/wp:paragraph -->\n<!-- wp:paragraph -->\n<p>These websites may collect data about you, use cookies, embed additional third-party tracking, and monitor your interaction with that embedded content, including tracking your interaction with the embedded content if you have an account and are logged in to that website.<\/p>\n<!-- \/wp:paragraph -->\n<!-- wp:heading -->\n<h2 class=\"wp-block-heading\">Who we share your data with<\/h2>\n<!-- \/wp:heading -->\n<!-- wp:paragraph -->\n<p><strong class=\"privacy-policy-tutorial\">Suggested text: <\/strong>If you request a password reset, your IP address will be included in the reset email.<\/p>\n<!-- \/wp:paragraph -->\n<!-- wp:heading -->\n<h2 class=\"wp-block-heading\">How long we retain your data<\/h2>\n<!-- \/wp:heading -->\n<!-- wp:paragraph -->\n<p><strong class=\"privacy-policy-tutorial\">Suggested text: <\/strong>If you leave a comment, the comment and its metadata are retained indefinitely. This is so we can recognize and approve any follow-up comments automatically instead of holding them in a moderation queue.<\/p>\n<!-- \/wp:paragraph -->\n<!-- wp:paragraph -->\n<p>For users that register on our website (if any), we also store the personal information they provide in their user profile. All users can see, edit, or delete their personal information at any time (except they cannot change their username). Website administrators can also see and edit that information.<\/p>\n<!-- \/wp:paragraph -->\n<!-- wp:heading -->\n<h2 class=\"wp-block-heading\">What rights you have over your data<\/h2>\n<!-- \/wp:heading -->\n<!-- wp:paragraph -->\n<p><strong class=\"privacy-policy-tutorial\">Suggested text: <\/strong>If you have an account on this site, or have left comments, you can request to receive an exported file of the personal data we hold about you, including any data you have provided to us. You can also request that we erase any personal data we hold about you. This does not include any data we are obliged to keep for administrative, legal, or security purposes.<\/p>\n<!-- \/wp:paragraph -->\n<!-- wp:heading -->\n<h2 class=\"wp-block-heading\">Where your data is sent<\/h2>\n<!-- \/wp:heading -->\n<!-- wp:paragraph -->\n<p><strong class=\"privacy-policy-tutorial\">Suggested text: <\/strong>Visitor comments may be checked through an automated spam detection service.<\/p>\n<!-- \/wp:paragraph -->\n","_et_gb_content_width":"","footnotes":""},"class_list":["post-3","page","type-page","status-publish","hentry"],"yoast_head":"<!-- This site is optimized with the Yoast SEO plugin v24.7 - https:\/\/yoast.com\/wordpress\/plugins\/seo\/ -->\n<title>Datenschutz - inkedbylelli.com<\/title>\n<meta name=\"description\" content=\"Deine Daten sind bei uns sicher! Hier findest du unsere Datenschutzerkl\u00e4rung. Inkedbylelli Tattoo&#039;s aus Berlin!\" \/>\n<meta name=\"robots\" content=\"index, follow, max-snippet:-1, max-image-preview:large, max-video-preview:-1\" \/>\n<link rel=\"canonical\" href=\"https:\/\/inkedbylelli.com\/en\/datenschutz\/\" \/>\n<meta property=\"og:locale\" content=\"en_GB\" \/>\n<meta property=\"og:type\" content=\"article\" \/>\n<meta property=\"og:title\" content=\"Datenschutz - inkedbylelli.com\" \/>\n<meta property=\"og:description\" content=\"Deine Daten sind bei uns sicher! Hier findest du unsere Datenschutzerkl\u00e4rung. Inkedbylelli Tattoo&#039;s aus Berlin!\" \/>\n<meta property=\"og:url\" content=\"https:\/\/inkedbylelli.com\/en\/datenschutz\/\" \/>\n<meta property=\"og:site_name\" content=\"inkedbylelli.com\" \/>\n<meta property=\"article:modified_time\" content=\"2025-12-01T22:40:32+00:00\" \/>\n<meta name=\"twitter:card\" content=\"summary_large_image\" \/>\n<meta name=\"twitter:label1\" content=\"Estimated reading time\" \/>\n\t<meta name=\"twitter:data1\" content=\"1 minute\" \/>\n<script type=\"application\/ld+json\" class=\"yoast-schema-graph\">{\"@context\":\"https:\/\/schema.org\",\"@graph\":[{\"@type\":\"WebPage\",\"@id\":\"https:\/\/inkedbylelli.com\/datenschutz\/\",\"url\":\"https:\/\/inkedbylelli.com\/datenschutz\/\",\"name\":\"Datenschutz - inkedbylelli.com\",\"isPartOf\":{\"@id\":\"https:\/\/inkedbylelli.com\/#website\"},\"datePublished\":\"2024-08-12T16:15:28+00:00\",\"dateModified\":\"2025-12-01T22:40:32+00:00\",\"description\":\"Deine Daten sind bei uns sicher! Hier findest du unsere Datenschutzerkl\u00e4rung. Inkedbylelli Tattoo's aus Berlin!\",\"breadcrumb\":{\"@id\":\"https:\/\/inkedbylelli.com\/datenschutz\/#breadcrumb\"},\"inLanguage\":\"en-GB\",\"potentialAction\":[{\"@type\":\"ReadAction\",\"target\":[\"https:\/\/inkedbylelli.com\/datenschutz\/\"]}]},{\"@type\":\"BreadcrumbList\",\"@id\":\"https:\/\/inkedbylelli.com\/datenschutz\/#breadcrumb\",\"itemListElement\":[{\"@type\":\"ListItem\",\"position\":1,\"name\":\"Startseite\",\"item\":\"https:\/\/inkedbylelli.com\/\"},{\"@type\":\"ListItem\",\"position\":2,\"name\":\"Datenschutz\"}]},{\"@type\":\"WebSite\",\"@id\":\"https:\/\/inkedbylelli.com\/#website\",\"url\":\"https:\/\/inkedbylelli.com\/\",\"name\":\"inkedbylelli.com\",\"description\":\"Dein Tattoostudio in Berlin\",\"potentialAction\":[{\"@type\":\"SearchAction\",\"target\":{\"@type\":\"EntryPoint\",\"urlTemplate\":\"https:\/\/inkedbylelli.com\/?s={search_term_string}\"},\"query-input\":{\"@type\":\"PropertyValueSpecification\",\"valueRequired\":true,\"valueName\":\"search_term_string\"}}],\"inLanguage\":\"en-GB\"}]}<\/script>\n<!-- \/ Yoast SEO plugin. -->","yoast_head_json":{"title":"Datenschutz - inkedbylelli.com","description":"Deine Daten sind bei uns sicher! Hier findest du unsere Datenschutzerkl\u00e4rung. Inkedbylelli Tattoo's aus Berlin!","robots":{"index":"index","follow":"follow","max-snippet":"max-snippet:-1","max-image-preview":"max-image-preview:large","max-video-preview":"max-video-preview:-1"},"canonical":"https:\/\/inkedbylelli.com\/en\/datenschutz\/","og_locale":"en_GB","og_type":"article","og_title":"Datenschutz - inkedbylelli.com","og_description":"Deine Daten sind bei uns sicher! Hier findest du unsere Datenschutzerkl\u00e4rung. Inkedbylelli Tattoo's aus Berlin!","og_url":"https:\/\/inkedbylelli.com\/en\/datenschutz\/","og_site_name":"inkedbylelli.com","article_modified_time":"2025-12-01T22:40:32+00:00","twitter_card":"summary_large_image","twitter_misc":{"Estimated reading time":"1 minute"},"schema":{"@context":"https:\/\/schema.org","@graph":[{"@type":"WebPage","@id":"https:\/\/inkedbylelli.com\/datenschutz\/","url":"https:\/\/inkedbylelli.com\/datenschutz\/","name":"Datenschutz - inkedbylelli.com","isPartOf":{"@id":"https:\/\/inkedbylelli.com\/#website"},"datePublished":"2024-08-12T16:15:28+00:00","dateModified":"2025-12-01T22:40:32+00:00","description":"Deine Daten sind bei uns sicher! Hier findest du unsere Datenschutzerkl\u00e4rung. Inkedbylelli Tattoo's aus Berlin!","breadcrumb":{"@id":"https:\/\/inkedbylelli.com\/datenschutz\/#breadcrumb"},"inLanguage":"en-GB","potentialAction":[{"@type":"ReadAction","target":["https:\/\/inkedbylelli.com\/datenschutz\/"]}]},{"@type":"BreadcrumbList","@id":"https:\/\/inkedbylelli.com\/datenschutz\/#breadcrumb","itemListElement":[{"@type":"ListItem","position":1,"name":"Startseite","item":"https:\/\/inkedbylelli.com\/"},{"@type":"ListItem","position":2,"name":"Datenschutz"}]},{"@type":"WebSite","@id":"https:\/\/inkedbylelli.com\/#website","url":"https:\/\/inkedbylelli.com\/","name":"inkedbylelli.com","description":"Dein Tattoostudio in Berlin","potentialAction":[{"@type":"SearchAction","target":{"@type":"EntryPoint","urlTemplate":"https:\/\/inkedbylelli.com\/?s={search_term_string}"},"query-input":{"@type":"PropertyValueSpecification","valueRequired":true,"valueName":"search_term_string"}}],"inLanguage":"en-GB"}]}},"_links":{"self":[{"href":"https:\/\/inkedbylelli.com\/en\/wp-json\/wp\/v2\/pages\/3","targetHints":{"allow":["GET"]}}],"collection":[{"href":"https:\/\/inkedbylelli.com\/en\/wp-json\/wp\/v2\/pages"}],"about":[{"href":"https:\/\/inkedbylelli.com\/en\/wp-json\/wp\/v2\/types\/page"}],"author":[{"embeddable":true,"href":"https:\/\/inkedbylelli.com\/en\/wp-json\/wp\/v2\/users\/1"}],"replies":[{"embeddable":true,"href":"https:\/\/inkedbylelli.com\/en\/wp-json\/wp\/v2\/comments?post=3"}],"version-history":[{"count":8,"href":"https:\/\/inkedbylelli.com\/en\/wp-json\/wp\/v2\/pages\/3\/revisions"}],"predecessor-version":[{"id":577,"href":"https:\/\/inkedbylelli.com\/en\/wp-json\/wp\/v2\/pages\/3\/revisions\/577"}],"wp:attachment":[{"href":"https:\/\/inkedbylelli.com\/en\/wp-json\/wp\/v2\/media?parent=3"}],"curies":[{"name":"wp","href":"https:\/\/api.w.org\/{rel}","templated":true}]}}